{"id":342,"date":"2022-11-09T10:09:22","date_gmt":"2022-11-09T15:09:22","guid":{"rendered":"https:\/\/houle-ege.com\/contact\/"},"modified":"2022-11-23T14:26:13","modified_gmt":"2022-11-23T19:26:13","slug":"contact","status":"publish","type":"page","link":"https:\/\/houle-ege.com\/en\/contact\/","title":{"rendered":"Contact"},"content":{"rendered":"\n<h2>\n\t\tSERVICES\n\t<\/h2>\n<h3>\n\t\tContact us\n\t<\/h3>\n\t<p>Do not hesitate to contact us during opening hours.<\/p>\n\t <strong>Telephone<\/strong><br \/>\n<a href=\"tel:4388871715\">438-887-1715<\/a>\n <strong>Email<\/strong><br \/>\n<a href=\"mailto:info@houle-ege.com\">info@houle-ege.com<\/a>\n <strong>Address<br \/>\n<\/strong>Blainville\n <strong>Opening hours<\/strong><br \/>\nMonday to Friday: <em>8:00 a.m. to 5:00 p.m.<\/em>\n<h3>\n\t\tContact us\n\t<\/h3>\n\t\n<div class=\"wpcf7 no-js\" id=\"wpcf7-f351-o1\" lang=\"en-US\" dir=\"ltr\" data-wpcf7-id=\"351\">\n<div class=\"screen-reader-response\"><p role=\"status\" aria-live=\"polite\" aria-atomic=\"true\"><\/p> <ul><\/ul><\/div>\n<form action=\"\/en\/wp-json\/wp\/v2\/pages\/342#wpcf7-f351-o1\" method=\"post\" class=\"wpcf7-form init\" aria-label=\"Contact form\" novalidate=\"novalidate\" data-status=\"init\">\n<fieldset class=\"hidden-fields-container\"><input type=\"hidden\" name=\"_wpcf7\" value=\"351\" \/><input type=\"hidden\" name=\"_wpcf7_version\" value=\"6.1.5\" \/><input type=\"hidden\" name=\"_wpcf7_locale\" value=\"en_US\" \/><input type=\"hidden\" name=\"_wpcf7_unit_tag\" value=\"wpcf7-f351-o1\" \/><input type=\"hidden\" name=\"_wpcf7_container_post\" value=\"0\" \/><input type=\"hidden\" name=\"_wpcf7_posted_data_hash\" value=\"\" \/><input type=\"hidden\" name=\"_wpcf7_recaptcha_response\" value=\"\" \/>\n<\/fieldset>\n<p><span class=\"wpcf7-form-control-wrap\" data-name=\"your-name\"><input size=\"40\" maxlength=\"400\" class=\"wpcf7-form-control wpcf7-text wpcf7-validates-as-required\" aria-required=\"true\" aria-invalid=\"false\" placeholder=\"Your name (required)\" value=\"\" type=\"text\" name=\"your-name\" \/><\/span>\n<\/p>\n<p><span class=\"wpcf7-form-control-wrap\" data-name=\"your-email\"><input size=\"40\" maxlength=\"400\" class=\"wpcf7-form-control wpcf7-email wpcf7-validates-as-required wpcf7-text wpcf7-validates-as-email\" aria-required=\"true\" aria-invalid=\"false\" placeholder=\"Your email address (required)\" value=\"\" type=\"email\" name=\"your-email\" \/><\/span>\n<\/p>\n<p><span class=\"wpcf7-form-control-wrap\" data-name=\"your-subject\"><input size=\"40\" maxlength=\"400\" class=\"wpcf7-form-control wpcf7-text\" aria-invalid=\"false\" placeholder=\"Subject\" value=\"\" type=\"text\" name=\"your-subject\" \/><\/span>\n<\/p>\n<p><span class=\"wpcf7-form-control-wrap\" data-name=\"your-message\"><textarea cols=\"40\" rows=\"10\" maxlength=\"2000\" class=\"wpcf7-form-control wpcf7-textarea\" aria-invalid=\"false\" placeholder=\"Your message\" name=\"your-message\"><\/textarea><\/span>\n<\/p>\n<p><input class=\"wpcf7-form-control wpcf7-submit has-spinner\" type=\"submit\" value=\"Submit\" \/>\n<\/p><div class=\"wpcf7-response-output\" aria-hidden=\"true\"><\/div>\n<\/form>\n<\/div>\n\n<h2>\n\t\tPersonal Memberships\n\t<\/h2>\n\t\t\t\t<img loading=\"lazy\" decoding=\"async\" src=\"https:\/\/houle-ege.com\/wp-content\/uploads\/2022\/11\/regie-batiment-quebec-logo.jpg\" alt=\"R\u00e9gie du b\u00e2timent du Qu\u00e9bec logo\" itemprop=\"image\" height=\"90\" width=\"300\" title=\"regie-batiment-quebec-logo\" onerror=\"this.style.display='none'\"  \/>\n\t\t\t\t<img loading=\"lazy\" decoding=\"async\" src=\"https:\/\/houle-ege.com\/wp-content\/uploads\/2022\/11\/autorite-marche-publics-logo.jpg\" alt=\"Autorit\u00e9 des march\u00e9s puiblics logo\" itemprop=\"image\" height=\"90\" width=\"123\" title=\"autorite-marche-publics-logo\" onerror=\"this.style.display='none'\"  \/>\n\t\t\t\t<img loading=\"lazy\" decoding=\"async\" src=\"https:\/\/houle-ege.com\/wp-content\/uploads\/2022\/11\/association-construction-quebec.jpg\" alt=\"Association de la construction du Qu\u00e9bec logo\" itemprop=\"image\" height=\"90\" width=\"169\" title=\"association-construction-quebec\" onerror=\"this.style.display='none'\"  \/>\n\n","protected":false},"excerpt":{"rendered":"<p>SERVICES Contact us Do not hesitate to contact us during opening hours. Telephone 438-887-1715 Email info@houle-ege.com Address Blainville Opening hours Monday to Friday: 8:00 a.m. to 5:00 p.m. Contact us Personal Memberships<\/p>\n","protected":false},"author":1,"featured_media":0,"parent":0,"menu_order":0,"comment_status":"closed","ping_status":"closed","template":"template-page-builder.php","meta":{"_genesis_hide_title":false,"_genesis_hide_breadcrumbs":false,"_genesis_hide_singular_image":false,"_genesis_hide_footer_widgets":false,"_genesis_custom_body_class":"","_genesis_custom_post_class":"","_genesis_layout":"","ngg_post_thumbnail":0,"footnotes":""},"class_list":{"0":"post-342","1":"page","2":"type-page","3":"status-publish","5":"entry"},"yoast_head":"<!-- This site is optimized with the Yoast SEO plugin v27.6 - https:\/\/yoast.com\/product\/yoast-seo-wordpress\/ -->\n<title>Contact - Houle E.G.E. - General Contractor<\/title>\n<meta name=\"description\" content=\"Contact Houle E.G.E to obtain a detailed quote for your commercial, institutional, industrial or municipal construction or renovation project.\" \/>\n<meta name=\"robots\" content=\"index, follow, max-snippet:-1, max-image-preview:large, max-video-preview:-1\" \/>\n<link rel=\"canonical\" href=\"https:\/\/houle-ege.com\/en\/contact\/\" \/>\n<meta property=\"og:locale\" content=\"en_US\" \/>\n<meta property=\"og:type\" content=\"article\" \/>\n<meta property=\"og:title\" content=\"Contact - Houle E.G.E. - General Contractor\" \/>\n<meta property=\"og:description\" content=\"Contact Houle E.G.E to obtain a detailed quote for your commercial, institutional, industrial or municipal construction or renovation project.\" \/>\n<meta property=\"og:url\" content=\"https:\/\/houle-ege.com\/en\/contact\/\" \/>\n<meta property=\"og:site_name\" content=\"Houle E.G.E. - General Contractor\" \/>\n<meta property=\"article:modified_time\" content=\"2022-11-23T19:26:13+00:00\" \/>\n<meta property=\"og:image\" content=\"https:\/\/houle-ege.com\/wp-content\/uploads\/2022\/11\/regie-batiment-quebec-logo.jpg\" \/>\n<meta name=\"twitter:card\" content=\"summary_large_image\" \/>\n<script type=\"application\/ld+json\" class=\"yoast-schema-graph\">{\"@context\":\"https:\\\/\\\/schema.org\",\"@graph\":[{\"@type\":\"WebPage\",\"@id\":\"https:\\\/\\\/houle-ege.com\\\/en\\\/contact\\\/\",\"url\":\"https:\\\/\\\/houle-ege.com\\\/en\\\/contact\\\/\",\"name\":\"Contact - Houle E.G.E. - General Contractor\",\"isPartOf\":{\"@id\":\"https:\\\/\\\/houle-ege.com\\\/en\\\/#website\"},\"primaryImageOfPage\":{\"@id\":\"https:\\\/\\\/houle-ege.com\\\/en\\\/contact\\\/#primaryimage\"},\"image\":{\"@id\":\"https:\\\/\\\/houle-ege.com\\\/en\\\/contact\\\/#primaryimage\"},\"thumbnailUrl\":\"https:\\\/\\\/houle-ege.com\\\/wp-content\\\/uploads\\\/2022\\\/11\\\/regie-batiment-quebec-logo.jpg\",\"datePublished\":\"2022-11-09T15:09:22+00:00\",\"dateModified\":\"2022-11-23T19:26:13+00:00\",\"description\":\"Contact Houle E.G.E to obtain a detailed quote for your commercial, institutional, industrial or municipal construction or renovation project.\",\"breadcrumb\":{\"@id\":\"https:\\\/\\\/houle-ege.com\\\/en\\\/contact\\\/#breadcrumb\"},\"inLanguage\":\"en-US\",\"potentialAction\":[{\"@type\":\"ReadAction\",\"target\":[\"https:\\\/\\\/houle-ege.com\\\/en\\\/contact\\\/\"]}]},{\"@type\":\"ImageObject\",\"inLanguage\":\"en-US\",\"@id\":\"https:\\\/\\\/houle-ege.com\\\/en\\\/contact\\\/#primaryimage\",\"url\":\"https:\\\/\\\/houle-ege.com\\\/wp-content\\\/uploads\\\/2022\\\/11\\\/regie-batiment-quebec-logo.jpg\",\"contentUrl\":\"https:\\\/\\\/houle-ege.com\\\/wp-content\\\/uploads\\\/2022\\\/11\\\/regie-batiment-quebec-logo.jpg\"},{\"@type\":\"BreadcrumbList\",\"@id\":\"https:\\\/\\\/houle-ege.com\\\/en\\\/contact\\\/#breadcrumb\",\"itemListElement\":[{\"@type\":\"ListItem\",\"position\":1,\"name\":\"Accueil\",\"item\":\"https:\\\/\\\/houle-ege.com\\\/en\\\/\"},{\"@type\":\"ListItem\",\"position\":2,\"name\":\"Contact\"}]},{\"@type\":\"WebSite\",\"@id\":\"https:\\\/\\\/houle-ege.com\\\/en\\\/#website\",\"url\":\"https:\\\/\\\/houle-ege.com\\\/en\\\/\",\"name\":\"Houle E.G.E. - General Contractor\",\"description\":\"Expertise - Gestion - Ex\u00e9cution\",\"publisher\":{\"@id\":\"https:\\\/\\\/houle-ege.com\\\/en\\\/#organization\"},\"potentialAction\":[{\"@type\":\"SearchAction\",\"target\":{\"@type\":\"EntryPoint\",\"urlTemplate\":\"https:\\\/\\\/houle-ege.com\\\/en\\\/?s={search_term_string}\"},\"query-input\":{\"@type\":\"PropertyValueSpecification\",\"valueRequired\":true,\"valueName\":\"search_term_string\"}}],\"inLanguage\":\"en-US\"},{\"@type\":\"Organization\",\"@id\":\"https:\\\/\\\/houle-ege.com\\\/en\\\/#organization\",\"name\":\"Houle E.G.E. - General Contractor\",\"url\":\"https:\\\/\\\/houle-ege.com\\\/en\\\/\",\"logo\":{\"@type\":\"ImageObject\",\"inLanguage\":\"en-US\",\"@id\":\"https:\\\/\\\/houle-ege.com\\\/en\\\/#\\\/schema\\\/logo\\\/image\\\/\",\"url\":\"https:\\\/\\\/houle-ege.com\\\/wp-content\\\/uploads\\\/2022\\\/11\\\/Cedric-Houle-entrepreneur-logo-v2-1.jpg\",\"contentUrl\":\"https:\\\/\\\/houle-ege.com\\\/wp-content\\\/uploads\\\/2022\\\/11\\\/Cedric-Houle-entrepreneur-logo-v2-1.jpg\",\"width\":890,\"height\":300,\"caption\":\"Houle E.G.E. - General Contractor\"},\"image\":{\"@id\":\"https:\\\/\\\/houle-ege.com\\\/en\\\/#\\\/schema\\\/logo\\\/image\\\/\"}}]}<\/script>\n<!-- \/ Yoast SEO plugin. -->","yoast_head_json":{"title":"Contact - Houle E.G.E. - General Contractor","description":"Contact Houle E.G.E to obtain a detailed quote for your commercial, institutional, industrial or municipal construction or renovation project.","robots":{"index":"index","follow":"follow","max-snippet":"max-snippet:-1","max-image-preview":"max-image-preview:large","max-video-preview":"max-video-preview:-1"},"canonical":"https:\/\/houle-ege.com\/en\/contact\/","og_locale":"en_US","og_type":"article","og_title":"Contact - Houle E.G.E. - General Contractor","og_description":"Contact Houle E.G.E to obtain a detailed quote for your commercial, institutional, industrial or municipal construction or renovation project.","og_url":"https:\/\/houle-ege.com\/en\/contact\/","og_site_name":"Houle E.G.E. - General Contractor","article_modified_time":"2022-11-23T19:26:13+00:00","og_image":[{"url":"https:\/\/houle-ege.com\/wp-content\/uploads\/2022\/11\/regie-batiment-quebec-logo.jpg","type":"","width":"","height":""}],"twitter_card":"summary_large_image","schema":{"@context":"https:\/\/schema.org","@graph":[{"@type":"WebPage","@id":"https:\/\/houle-ege.com\/en\/contact\/","url":"https:\/\/houle-ege.com\/en\/contact\/","name":"Contact - Houle E.G.E. - General Contractor","isPartOf":{"@id":"https:\/\/houle-ege.com\/en\/#website"},"primaryImageOfPage":{"@id":"https:\/\/houle-ege.com\/en\/contact\/#primaryimage"},"image":{"@id":"https:\/\/houle-ege.com\/en\/contact\/#primaryimage"},"thumbnailUrl":"https:\/\/houle-ege.com\/wp-content\/uploads\/2022\/11\/regie-batiment-quebec-logo.jpg","datePublished":"2022-11-09T15:09:22+00:00","dateModified":"2022-11-23T19:26:13+00:00","description":"Contact Houle E.G.E to obtain a detailed quote for your commercial, institutional, industrial or municipal construction or renovation project.","breadcrumb":{"@id":"https:\/\/houle-ege.com\/en\/contact\/#breadcrumb"},"inLanguage":"en-US","potentialAction":[{"@type":"ReadAction","target":["https:\/\/houle-ege.com\/en\/contact\/"]}]},{"@type":"ImageObject","inLanguage":"en-US","@id":"https:\/\/houle-ege.com\/en\/contact\/#primaryimage","url":"https:\/\/houle-ege.com\/wp-content\/uploads\/2022\/11\/regie-batiment-quebec-logo.jpg","contentUrl":"https:\/\/houle-ege.com\/wp-content\/uploads\/2022\/11\/regie-batiment-quebec-logo.jpg"},{"@type":"BreadcrumbList","@id":"https:\/\/houle-ege.com\/en\/contact\/#breadcrumb","itemListElement":[{"@type":"ListItem","position":1,"name":"Accueil","item":"https:\/\/houle-ege.com\/en\/"},{"@type":"ListItem","position":2,"name":"Contact"}]},{"@type":"WebSite","@id":"https:\/\/houle-ege.com\/en\/#website","url":"https:\/\/houle-ege.com\/en\/","name":"Houle E.G.E. - General Contractor","description":"Expertise - Gestion - Ex\u00e9cution","publisher":{"@id":"https:\/\/houle-ege.com\/en\/#organization"},"potentialAction":[{"@type":"SearchAction","target":{"@type":"EntryPoint","urlTemplate":"https:\/\/houle-ege.com\/en\/?s={search_term_string}"},"query-input":{"@type":"PropertyValueSpecification","valueRequired":true,"valueName":"search_term_string"}}],"inLanguage":"en-US"},{"@type":"Organization","@id":"https:\/\/houle-ege.com\/en\/#organization","name":"Houle E.G.E. - General Contractor","url":"https:\/\/houle-ege.com\/en\/","logo":{"@type":"ImageObject","inLanguage":"en-US","@id":"https:\/\/houle-ege.com\/en\/#\/schema\/logo\/image\/","url":"https:\/\/houle-ege.com\/wp-content\/uploads\/2022\/11\/Cedric-Houle-entrepreneur-logo-v2-1.jpg","contentUrl":"https:\/\/houle-ege.com\/wp-content\/uploads\/2022\/11\/Cedric-Houle-entrepreneur-logo-v2-1.jpg","width":890,"height":300,"caption":"Houle E.G.E. - General Contractor"},"image":{"@id":"https:\/\/houle-ege.com\/en\/#\/schema\/logo\/image\/"}}]}},"_links":{"self":[{"href":"https:\/\/houle-ege.com\/en\/wp-json\/wp\/v2\/pages\/342","targetHints":{"allow":["GET"]}}],"collection":[{"href":"https:\/\/houle-ege.com\/en\/wp-json\/wp\/v2\/pages"}],"about":[{"href":"https:\/\/houle-ege.com\/en\/wp-json\/wp\/v2\/types\/page"}],"author":[{"embeddable":true,"href":"https:\/\/houle-ege.com\/en\/wp-json\/wp\/v2\/users\/1"}],"replies":[{"embeddable":true,"href":"https:\/\/houle-ege.com\/en\/wp-json\/wp\/v2\/comments?post=342"}],"version-history":[{"count":0,"href":"https:\/\/houle-ege.com\/en\/wp-json\/wp\/v2\/pages\/342\/revisions"}],"wp:attachment":[{"href":"https:\/\/houle-ege.com\/en\/wp-json\/wp\/v2\/media?parent=342"}],"curies":[{"name":"wp","href":"https:\/\/api.w.org\/{rel}","templated":true}]}}