{"id":341,"date":"2022-11-09T10:09:13","date_gmt":"2022-11-09T15:09:13","guid":{"rendered":"https:\/\/houle-ege.com\/projects\/"},"modified":"2022-11-23T14:21:12","modified_gmt":"2022-11-23T19:21:12","slug":"projects","status":"publish","type":"page","link":"https:\/\/houle-ege.com\/en\/projects\/","title":{"rendered":"Projects"},"content":{"rendered":"\n<h2>\n\t\tSERVICES\n\t<\/h2>\n\t<h2>Whether commercial, institutional, industrial or municipal, <strong>Houle E.G.E<\/strong> takes your construction or renovation project to heart.<\/h2>\n\tngg_shortcode_0_placeholder\n\t<p><strong>Looking for a contractor for your project?<\/strong><\/p>\n\t\t\t<a href=\"https:\/\/houle-ege.com\/en\/contact\/\" target=\"_self\" role=\"button\" rel=\"noopener\">\n\t\t\t\t\t\t\tGet your quote\n\t\t\t<\/a>\n<h2>\n\t\tPersonal Memberships\n\t<\/h2>\n\t\t\t\t<img loading=\"lazy\" decoding=\"async\" src=\"https:\/\/houle-ege.com\/wp-content\/uploads\/2022\/11\/regie-batiment-quebec-logo.jpg\" alt=\"R\u00e9gie du b\u00e2timent du Qu\u00e9bec logo\" itemprop=\"image\" height=\"90\" width=\"300\" title=\"regie-batiment-quebec-logo\" onerror=\"this.style.display='none'\"  \/>\n\t\t\t\t<img loading=\"lazy\" decoding=\"async\" src=\"https:\/\/houle-ege.com\/wp-content\/uploads\/2022\/11\/autorite-marche-publics-logo.jpg\" alt=\"Autorit\u00e9 des march\u00e9s puiblics logo\" itemprop=\"image\" height=\"90\" width=\"123\" title=\"autorite-marche-publics-logo\" onerror=\"this.style.display='none'\"  \/>\n\t\t\t\t<img loading=\"lazy\" decoding=\"async\" src=\"https:\/\/houle-ege.com\/wp-content\/uploads\/2022\/11\/association-construction-quebec.jpg\" alt=\"Association de la construction du Qu\u00e9bec logo\" itemprop=\"image\" height=\"90\" width=\"169\" title=\"association-construction-quebec\" onerror=\"this.style.display='none'\"  \/>\n\n","protected":false},"excerpt":{"rendered":"<p>SERVICES Whether commercial, institutional, industrial or municipal, Houle E.G.E takes your construction or renovation project to heart. Looking for a contractor for your project? Get your quote Personal Memberships<\/p>\n","protected":false},"author":1,"featured_media":0,"parent":0,"menu_order":0,"comment_status":"closed","ping_status":"closed","template":"template-page-builder.php","meta":{"_genesis_hide_title":false,"_genesis_hide_breadcrumbs":false,"_genesis_hide_singular_image":false,"_genesis_hide_footer_widgets":false,"_genesis_custom_body_class":"","_genesis_custom_post_class":"","_genesis_layout":"","ngg_post_thumbnail":0,"footnotes":""},"class_list":{"0":"post-341","1":"page","2":"type-page","3":"status-publish","5":"entry"},"yoast_head":"<!-- This site is optimized with the Yoast SEO plugin v27.6 - https:\/\/yoast.com\/product\/yoast-seo-wordpress\/ -->\n<title>Projects - Houle E.G.E. - General Contractor<\/title>\n<meta name=\"description\" content=\"The Houle E.G.E team invites you to discover some achievements throughout the greater Montreal area.\" \/>\n<meta name=\"robots\" content=\"index, follow, max-snippet:-1, max-image-preview:large, max-video-preview:-1\" \/>\n<link rel=\"canonical\" href=\"https:\/\/houle-ege.com\/en\/projects\/\" \/>\n<meta property=\"og:locale\" content=\"en_US\" \/>\n<meta property=\"og:type\" content=\"article\" \/>\n<meta property=\"og:title\" content=\"Projects - Houle E.G.E. - General Contractor\" \/>\n<meta property=\"og:description\" content=\"The Houle E.G.E team invites you to discover some achievements throughout the greater Montreal area.\" \/>\n<meta property=\"og:url\" content=\"https:\/\/houle-ege.com\/en\/projects\/\" \/>\n<meta property=\"og:site_name\" content=\"Houle E.G.E. - General Contractor\" \/>\n<meta property=\"article:modified_time\" content=\"2022-11-23T19:21:12+00:00\" \/>\n<meta property=\"og:image\" content=\"https:\/\/houle-ege.com\/wp-content\/uploads\/2022\/11\/regie-batiment-quebec-logo.jpg\" \/>\n<meta name=\"twitter:card\" content=\"summary_large_image\" \/>\n<script type=\"application\/ld+json\" class=\"yoast-schema-graph\">{\"@context\":\"https:\\\/\\\/schema.org\",\"@graph\":[{\"@type\":\"WebPage\",\"@id\":\"https:\\\/\\\/houle-ege.com\\\/en\\\/projects\\\/\",\"url\":\"https:\\\/\\\/houle-ege.com\\\/en\\\/projects\\\/\",\"name\":\"Projects - Houle E.G.E. - General Contractor\",\"isPartOf\":{\"@id\":\"https:\\\/\\\/houle-ege.com\\\/en\\\/#website\"},\"primaryImageOfPage\":{\"@id\":\"https:\\\/\\\/houle-ege.com\\\/en\\\/projects\\\/#primaryimage\"},\"image\":{\"@id\":\"https:\\\/\\\/houle-ege.com\\\/en\\\/projects\\\/#primaryimage\"},\"thumbnailUrl\":\"https:\\\/\\\/houle-ege.com\\\/wp-content\\\/uploads\\\/2022\\\/11\\\/regie-batiment-quebec-logo.jpg\",\"datePublished\":\"2022-11-09T15:09:13+00:00\",\"dateModified\":\"2022-11-23T19:21:12+00:00\",\"description\":\"The Houle E.G.E team invites you to discover some achievements throughout the greater Montreal area.\",\"breadcrumb\":{\"@id\":\"https:\\\/\\\/houle-ege.com\\\/en\\\/projects\\\/#breadcrumb\"},\"inLanguage\":\"en-US\",\"potentialAction\":[{\"@type\":\"ReadAction\",\"target\":[\"https:\\\/\\\/houle-ege.com\\\/en\\\/projects\\\/\"]}]},{\"@type\":\"ImageObject\",\"inLanguage\":\"en-US\",\"@id\":\"https:\\\/\\\/houle-ege.com\\\/en\\\/projects\\\/#primaryimage\",\"url\":\"https:\\\/\\\/houle-ege.com\\\/wp-content\\\/uploads\\\/2022\\\/11\\\/regie-batiment-quebec-logo.jpg\",\"contentUrl\":\"https:\\\/\\\/houle-ege.com\\\/wp-content\\\/uploads\\\/2022\\\/11\\\/regie-batiment-quebec-logo.jpg\"},{\"@type\":\"BreadcrumbList\",\"@id\":\"https:\\\/\\\/houle-ege.com\\\/en\\\/projects\\\/#breadcrumb\",\"itemListElement\":[{\"@type\":\"ListItem\",\"position\":1,\"name\":\"Accueil\",\"item\":\"https:\\\/\\\/houle-ege.com\\\/en\\\/\"},{\"@type\":\"ListItem\",\"position\":2,\"name\":\"Projects\"}]},{\"@type\":\"WebSite\",\"@id\":\"https:\\\/\\\/houle-ege.com\\\/en\\\/#website\",\"url\":\"https:\\\/\\\/houle-ege.com\\\/en\\\/\",\"name\":\"Houle E.G.E. - General Contractor\",\"description\":\"Expertise - Gestion - Ex\u00e9cution\",\"publisher\":{\"@id\":\"https:\\\/\\\/houle-ege.com\\\/en\\\/#organization\"},\"potentialAction\":[{\"@type\":\"SearchAction\",\"target\":{\"@type\":\"EntryPoint\",\"urlTemplate\":\"https:\\\/\\\/houle-ege.com\\\/en\\\/?s={search_term_string}\"},\"query-input\":{\"@type\":\"PropertyValueSpecification\",\"valueRequired\":true,\"valueName\":\"search_term_string\"}}],\"inLanguage\":\"en-US\"},{\"@type\":\"Organization\",\"@id\":\"https:\\\/\\\/houle-ege.com\\\/en\\\/#organization\",\"name\":\"Houle E.G.E. - General Contractor\",\"url\":\"https:\\\/\\\/houle-ege.com\\\/en\\\/\",\"logo\":{\"@type\":\"ImageObject\",\"inLanguage\":\"en-US\",\"@id\":\"https:\\\/\\\/houle-ege.com\\\/en\\\/#\\\/schema\\\/logo\\\/image\\\/\",\"url\":\"https:\\\/\\\/houle-ege.com\\\/wp-content\\\/uploads\\\/2022\\\/11\\\/Cedric-Houle-entrepreneur-logo-v2-1.jpg\",\"contentUrl\":\"https:\\\/\\\/houle-ege.com\\\/wp-content\\\/uploads\\\/2022\\\/11\\\/Cedric-Houle-entrepreneur-logo-v2-1.jpg\",\"width\":890,\"height\":300,\"caption\":\"Houle E.G.E. - General Contractor\"},\"image\":{\"@id\":\"https:\\\/\\\/houle-ege.com\\\/en\\\/#\\\/schema\\\/logo\\\/image\\\/\"}}]}<\/script>\n<!-- \/ Yoast SEO plugin. -->","yoast_head_json":{"title":"Projects - Houle E.G.E. - General Contractor","description":"The Houle E.G.E team invites you to discover some achievements throughout the greater Montreal area.","robots":{"index":"index","follow":"follow","max-snippet":"max-snippet:-1","max-image-preview":"max-image-preview:large","max-video-preview":"max-video-preview:-1"},"canonical":"https:\/\/houle-ege.com\/en\/projects\/","og_locale":"en_US","og_type":"article","og_title":"Projects - Houle E.G.E. - General Contractor","og_description":"The Houle E.G.E team invites you to discover some achievements throughout the greater Montreal area.","og_url":"https:\/\/houle-ege.com\/en\/projects\/","og_site_name":"Houle E.G.E. - General Contractor","article_modified_time":"2022-11-23T19:21:12+00:00","og_image":[{"url":"https:\/\/houle-ege.com\/wp-content\/uploads\/2022\/11\/regie-batiment-quebec-logo.jpg","type":"","width":"","height":""}],"twitter_card":"summary_large_image","schema":{"@context":"https:\/\/schema.org","@graph":[{"@type":"WebPage","@id":"https:\/\/houle-ege.com\/en\/projects\/","url":"https:\/\/houle-ege.com\/en\/projects\/","name":"Projects - Houle E.G.E. - General Contractor","isPartOf":{"@id":"https:\/\/houle-ege.com\/en\/#website"},"primaryImageOfPage":{"@id":"https:\/\/houle-ege.com\/en\/projects\/#primaryimage"},"image":{"@id":"https:\/\/houle-ege.com\/en\/projects\/#primaryimage"},"thumbnailUrl":"https:\/\/houle-ege.com\/wp-content\/uploads\/2022\/11\/regie-batiment-quebec-logo.jpg","datePublished":"2022-11-09T15:09:13+00:00","dateModified":"2022-11-23T19:21:12+00:00","description":"The Houle E.G.E team invites you to discover some achievements throughout the greater Montreal area.","breadcrumb":{"@id":"https:\/\/houle-ege.com\/en\/projects\/#breadcrumb"},"inLanguage":"en-US","potentialAction":[{"@type":"ReadAction","target":["https:\/\/houle-ege.com\/en\/projects\/"]}]},{"@type":"ImageObject","inLanguage":"en-US","@id":"https:\/\/houle-ege.com\/en\/projects\/#primaryimage","url":"https:\/\/houle-ege.com\/wp-content\/uploads\/2022\/11\/regie-batiment-quebec-logo.jpg","contentUrl":"https:\/\/houle-ege.com\/wp-content\/uploads\/2022\/11\/regie-batiment-quebec-logo.jpg"},{"@type":"BreadcrumbList","@id":"https:\/\/houle-ege.com\/en\/projects\/#breadcrumb","itemListElement":[{"@type":"ListItem","position":1,"name":"Accueil","item":"https:\/\/houle-ege.com\/en\/"},{"@type":"ListItem","position":2,"name":"Projects"}]},{"@type":"WebSite","@id":"https:\/\/houle-ege.com\/en\/#website","url":"https:\/\/houle-ege.com\/en\/","name":"Houle E.G.E. - General Contractor","description":"Expertise - Gestion - Ex\u00e9cution","publisher":{"@id":"https:\/\/houle-ege.com\/en\/#organization"},"potentialAction":[{"@type":"SearchAction","target":{"@type":"EntryPoint","urlTemplate":"https:\/\/houle-ege.com\/en\/?s={search_term_string}"},"query-input":{"@type":"PropertyValueSpecification","valueRequired":true,"valueName":"search_term_string"}}],"inLanguage":"en-US"},{"@type":"Organization","@id":"https:\/\/houle-ege.com\/en\/#organization","name":"Houle E.G.E. - General Contractor","url":"https:\/\/houle-ege.com\/en\/","logo":{"@type":"ImageObject","inLanguage":"en-US","@id":"https:\/\/houle-ege.com\/en\/#\/schema\/logo\/image\/","url":"https:\/\/houle-ege.com\/wp-content\/uploads\/2022\/11\/Cedric-Houle-entrepreneur-logo-v2-1.jpg","contentUrl":"https:\/\/houle-ege.com\/wp-content\/uploads\/2022\/11\/Cedric-Houle-entrepreneur-logo-v2-1.jpg","width":890,"height":300,"caption":"Houle E.G.E. - General Contractor"},"image":{"@id":"https:\/\/houle-ege.com\/en\/#\/schema\/logo\/image\/"}}]}},"_links":{"self":[{"href":"https:\/\/houle-ege.com\/en\/wp-json\/wp\/v2\/pages\/341","targetHints":{"allow":["GET"]}}],"collection":[{"href":"https:\/\/houle-ege.com\/en\/wp-json\/wp\/v2\/pages"}],"about":[{"href":"https:\/\/houle-ege.com\/en\/wp-json\/wp\/v2\/types\/page"}],"author":[{"embeddable":true,"href":"https:\/\/houle-ege.com\/en\/wp-json\/wp\/v2\/users\/1"}],"replies":[{"embeddable":true,"href":"https:\/\/houle-ege.com\/en\/wp-json\/wp\/v2\/comments?post=341"}],"version-history":[{"count":0,"href":"https:\/\/houle-ege.com\/en\/wp-json\/wp\/v2\/pages\/341\/revisions"}],"wp:attachment":[{"href":"https:\/\/houle-ege.com\/en\/wp-json\/wp\/v2\/media?parent=341"}],"curies":[{"name":"wp","href":"https:\/\/api.w.org\/{rel}","templated":true}]}}