{"id":340,"date":"2022-11-09T10:10:01","date_gmt":"2022-11-09T15:10:01","guid":{"rendered":"https:\/\/houle-ege.com\/services\/"},"modified":"2022-11-23T14:25:43","modified_gmt":"2022-11-23T19:25:43","slug":"services","status":"publish","type":"page","link":"https:\/\/houle-ege.com\/en\/services\/","title":{"rendered":"Services"},"content":{"rendered":"\n<h2>\n\t\tSERVICES\n\t<\/h2>\n\t<h3>Whatever your project, our team of professionals puts its skills and know-how at your service.<\/h3>\n\t<p>Our company will take care of all aspects of your project, including:<\/p>\n<ul>\n<li>Budget estimate for the work<\/li>\n<li>Coordination of work and respect of the schedule<\/li>\n<li>Transfer of information between the client, professionals and contractors<\/li>\n<li>Execution of the work as a general contractor under controlled management (cost plus) or under a lump sum contract<\/li>\n<li>Obtaining letters of compliance from subcontractors<\/li>\n<li>Delivery of all necessary documents at the end of the work<\/li>\n<\/ul>\n\t\t\t\t<img loading=\"lazy\" decoding=\"async\" src=\"https:\/\/houle-ege.com\/wp-content\/uploads\/2022\/11\/houle-ege-renovation-industriel.jpg\" alt=\"Houle EGE 0 R\u00e9novation b\u00e2timent ext\u00e9rieur\" itemprop=\"image\" height=\"600\" width=\"600\" title=\"houle-ege-renovation-industriel\" onerror=\"this.style.display='none'\"  \/>\n\t\t\t\t<img loading=\"lazy\" decoding=\"async\" src=\"https:\/\/houle-ege.com\/wp-content\/uploads\/2022\/11\/houle-ege-renovation-institutionnel.jpg\" alt=\"Houle EGE r\u00e9novation commercial\" itemprop=\"image\" height=\"600\" width=\"600\" title=\"houle-ege-renovation-institutionnel\" onerror=\"this.style.display='none'\"  \/>\n\t<p><strong>Houle E.G.E<\/strong> offers you, during the realization of your work, technical assistance and is attentive to your needs at all times.<\/p>\n<p>In addition, <strong>Houle E.G.E<\/strong> holds all the authorizations required to carry out construction work (RBQ License, AMP Authorization, Revenue Quebec Certificate, and many others). All these documents can be provided to you on request.<\/p>\n\t<p><strong>Looking for a contractor for your project?<\/strong><\/p>\n\t\t\t<a href=\"https:\/\/houle-ege.com\/en\/contact\/\" target=\"_self\" role=\"button\" rel=\"noopener\">\n\t\t\t\t\t\t\tGet your quote\n\t\t\t<\/a>\n<h2>\n\t\tPersonal Memberships\n\t<\/h2>\n\t\t\t\t<img loading=\"lazy\" decoding=\"async\" src=\"https:\/\/houle-ege.com\/wp-content\/uploads\/2022\/11\/regie-batiment-quebec-logo.jpg\" alt=\"R\u00e9gie du b\u00e2timent du Qu\u00e9bec logo\" itemprop=\"image\" height=\"90\" width=\"300\" title=\"regie-batiment-quebec-logo\" onerror=\"this.style.display='none'\"  \/>\n\t\t\t\t<img loading=\"lazy\" decoding=\"async\" src=\"https:\/\/houle-ege.com\/wp-content\/uploads\/2022\/11\/autorite-marche-publics-logo.jpg\" alt=\"Autorit\u00e9 des march\u00e9s puiblics logo\" itemprop=\"image\" height=\"90\" width=\"123\" title=\"autorite-marche-publics-logo\" onerror=\"this.style.display='none'\"  \/>\n\t\t\t\t<img loading=\"lazy\" decoding=\"async\" src=\"https:\/\/houle-ege.com\/wp-content\/uploads\/2022\/11\/association-construction-quebec.jpg\" alt=\"Association de la construction du Qu\u00e9bec logo\" itemprop=\"image\" height=\"90\" width=\"169\" title=\"association-construction-quebec\" onerror=\"this.style.display='none'\"  \/>\n\n","protected":false},"excerpt":{"rendered":"<p>SERVICES Whatever your project, our team of professionals puts its skills and know-how at your service. Our company will take care of all aspects of your project, including: Budget estimate for the work Coordination of work and respect of the schedule Transfer of information between the client, professionals and contractors Execution of the work as [&hellip;]<\/p>\n","protected":false},"author":1,"featured_media":0,"parent":0,"menu_order":0,"comment_status":"closed","ping_status":"closed","template":"template-page-builder.php","meta":{"_genesis_hide_title":false,"_genesis_hide_breadcrumbs":false,"_genesis_hide_singular_image":false,"_genesis_hide_footer_widgets":false,"_genesis_custom_body_class":"","_genesis_custom_post_class":"","_genesis_layout":"","ngg_post_thumbnail":0,"footnotes":""},"class_list":{"0":"post-340","1":"page","2":"type-page","3":"status-publish","5":"entry"},"yoast_head":"<!-- This site is optimized with the Yoast SEO plugin v27.3 - https:\/\/yoast.com\/product\/yoast-seo-wordpress\/ -->\n<title>Services - Houle E.G.E. - General Contractor<\/title>\n<meta name=\"description\" content=\"Houle E.G.E, general contractor, takes care of all aspects of your commercial, institutional, industrial or municipal renovation project. Contact us.\" \/>\n<meta name=\"robots\" content=\"index, follow, max-snippet:-1, max-image-preview:large, max-video-preview:-1\" \/>\n<link rel=\"canonical\" href=\"https:\/\/houle-ege.com\/en\/services\/\" \/>\n<meta property=\"og:locale\" content=\"en_US\" \/>\n<meta property=\"og:type\" content=\"article\" \/>\n<meta property=\"og:title\" content=\"Services - Houle E.G.E. - General Contractor\" \/>\n<meta property=\"og:description\" content=\"Houle E.G.E, general contractor, takes care of all aspects of your commercial, institutional, industrial or municipal renovation project. Contact us.\" \/>\n<meta property=\"og:url\" content=\"https:\/\/houle-ege.com\/en\/services\/\" \/>\n<meta property=\"og:site_name\" content=\"Houle E.G.E. - General Contractor\" \/>\n<meta property=\"article:modified_time\" content=\"2022-11-23T19:25:43+00:00\" \/>\n<meta property=\"og:image\" content=\"https:\/\/houle-ege.com\/wp-content\/uploads\/2022\/11\/houle-ege-renovation-industriel.jpg\" \/>\n<meta name=\"twitter:card\" content=\"summary_large_image\" \/>\n<meta name=\"twitter:label1\" content=\"Est. reading time\" \/>\n\t<meta name=\"twitter:data1\" content=\"1 minute\" \/>\n<script type=\"application\/ld+json\" class=\"yoast-schema-graph\">{\"@context\":\"https:\\\/\\\/schema.org\",\"@graph\":[{\"@type\":\"WebPage\",\"@id\":\"https:\\\/\\\/houle-ege.com\\\/en\\\/services\\\/\",\"url\":\"https:\\\/\\\/houle-ege.com\\\/en\\\/services\\\/\",\"name\":\"Services - Houle E.G.E. - General Contractor\",\"isPartOf\":{\"@id\":\"https:\\\/\\\/houle-ege.com\\\/en\\\/#website\"},\"primaryImageOfPage\":{\"@id\":\"https:\\\/\\\/houle-ege.com\\\/en\\\/services\\\/#primaryimage\"},\"image\":{\"@id\":\"https:\\\/\\\/houle-ege.com\\\/en\\\/services\\\/#primaryimage\"},\"thumbnailUrl\":\"https:\\\/\\\/houle-ege.com\\\/wp-content\\\/uploads\\\/2022\\\/11\\\/houle-ege-renovation-industriel.jpg\",\"datePublished\":\"2022-11-09T15:10:01+00:00\",\"dateModified\":\"2022-11-23T19:25:43+00:00\",\"description\":\"Houle E.G.E, general contractor, takes care of all aspects of your commercial, institutional, industrial or municipal renovation project. Contact us.\",\"breadcrumb\":{\"@id\":\"https:\\\/\\\/houle-ege.com\\\/en\\\/services\\\/#breadcrumb\"},\"inLanguage\":\"en-US\",\"potentialAction\":[{\"@type\":\"ReadAction\",\"target\":[\"https:\\\/\\\/houle-ege.com\\\/en\\\/services\\\/\"]}]},{\"@type\":\"ImageObject\",\"inLanguage\":\"en-US\",\"@id\":\"https:\\\/\\\/houle-ege.com\\\/en\\\/services\\\/#primaryimage\",\"url\":\"https:\\\/\\\/houle-ege.com\\\/wp-content\\\/uploads\\\/2022\\\/11\\\/houle-ege-renovation-industriel.jpg\",\"contentUrl\":\"https:\\\/\\\/houle-ege.com\\\/wp-content\\\/uploads\\\/2022\\\/11\\\/houle-ege-renovation-industriel.jpg\"},{\"@type\":\"BreadcrumbList\",\"@id\":\"https:\\\/\\\/houle-ege.com\\\/en\\\/services\\\/#breadcrumb\",\"itemListElement\":[{\"@type\":\"ListItem\",\"position\":1,\"name\":\"Accueil\",\"item\":\"https:\\\/\\\/houle-ege.com\\\/en\\\/\"},{\"@type\":\"ListItem\",\"position\":2,\"name\":\"Services\"}]},{\"@type\":\"WebSite\",\"@id\":\"https:\\\/\\\/houle-ege.com\\\/en\\\/#website\",\"url\":\"https:\\\/\\\/houle-ege.com\\\/en\\\/\",\"name\":\"Houle E.G.E. - General Contractor\",\"description\":\"Expertise - Gestion - Ex\u00e9cution\",\"publisher\":{\"@id\":\"https:\\\/\\\/houle-ege.com\\\/en\\\/#organization\"},\"potentialAction\":[{\"@type\":\"SearchAction\",\"target\":{\"@type\":\"EntryPoint\",\"urlTemplate\":\"https:\\\/\\\/houle-ege.com\\\/en\\\/?s={search_term_string}\"},\"query-input\":{\"@type\":\"PropertyValueSpecification\",\"valueRequired\":true,\"valueName\":\"search_term_string\"}}],\"inLanguage\":\"en-US\"},{\"@type\":\"Organization\",\"@id\":\"https:\\\/\\\/houle-ege.com\\\/en\\\/#organization\",\"name\":\"Houle E.G.E. - General Contractor\",\"url\":\"https:\\\/\\\/houle-ege.com\\\/en\\\/\",\"logo\":{\"@type\":\"ImageObject\",\"inLanguage\":\"en-US\",\"@id\":\"https:\\\/\\\/houle-ege.com\\\/en\\\/#\\\/schema\\\/logo\\\/image\\\/\",\"url\":\"https:\\\/\\\/houle-ege.com\\\/wp-content\\\/uploads\\\/2022\\\/11\\\/Cedric-Houle-entrepreneur-logo-v2-1.jpg\",\"contentUrl\":\"https:\\\/\\\/houle-ege.com\\\/wp-content\\\/uploads\\\/2022\\\/11\\\/Cedric-Houle-entrepreneur-logo-v2-1.jpg\",\"width\":890,\"height\":300,\"caption\":\"Houle E.G.E. - General Contractor\"},\"image\":{\"@id\":\"https:\\\/\\\/houle-ege.com\\\/en\\\/#\\\/schema\\\/logo\\\/image\\\/\"}}]}<\/script>\n<!-- \/ Yoast SEO plugin. -->","yoast_head_json":{"title":"Services - Houle E.G.E. - General Contractor","description":"Houle E.G.E, general contractor, takes care of all aspects of your commercial, institutional, industrial or municipal renovation project. Contact us.","robots":{"index":"index","follow":"follow","max-snippet":"max-snippet:-1","max-image-preview":"max-image-preview:large","max-video-preview":"max-video-preview:-1"},"canonical":"https:\/\/houle-ege.com\/en\/services\/","og_locale":"en_US","og_type":"article","og_title":"Services - Houle E.G.E. - General Contractor","og_description":"Houle E.G.E, general contractor, takes care of all aspects of your commercial, institutional, industrial or municipal renovation project. Contact us.","og_url":"https:\/\/houle-ege.com\/en\/services\/","og_site_name":"Houle E.G.E. - General Contractor","article_modified_time":"2022-11-23T19:25:43+00:00","og_image":[{"url":"https:\/\/houle-ege.com\/wp-content\/uploads\/2022\/11\/houle-ege-renovation-industriel.jpg","type":"","width":"","height":""}],"twitter_card":"summary_large_image","twitter_misc":{"Est. reading time":"1 minute"},"schema":{"@context":"https:\/\/schema.org","@graph":[{"@type":"WebPage","@id":"https:\/\/houle-ege.com\/en\/services\/","url":"https:\/\/houle-ege.com\/en\/services\/","name":"Services - Houle E.G.E. - General Contractor","isPartOf":{"@id":"https:\/\/houle-ege.com\/en\/#website"},"primaryImageOfPage":{"@id":"https:\/\/houle-ege.com\/en\/services\/#primaryimage"},"image":{"@id":"https:\/\/houle-ege.com\/en\/services\/#primaryimage"},"thumbnailUrl":"https:\/\/houle-ege.com\/wp-content\/uploads\/2022\/11\/houle-ege-renovation-industriel.jpg","datePublished":"2022-11-09T15:10:01+00:00","dateModified":"2022-11-23T19:25:43+00:00","description":"Houle E.G.E, general contractor, takes care of all aspects of your commercial, institutional, industrial or municipal renovation project. Contact us.","breadcrumb":{"@id":"https:\/\/houle-ege.com\/en\/services\/#breadcrumb"},"inLanguage":"en-US","potentialAction":[{"@type":"ReadAction","target":["https:\/\/houle-ege.com\/en\/services\/"]}]},{"@type":"ImageObject","inLanguage":"en-US","@id":"https:\/\/houle-ege.com\/en\/services\/#primaryimage","url":"https:\/\/houle-ege.com\/wp-content\/uploads\/2022\/11\/houle-ege-renovation-industriel.jpg","contentUrl":"https:\/\/houle-ege.com\/wp-content\/uploads\/2022\/11\/houle-ege-renovation-industriel.jpg"},{"@type":"BreadcrumbList","@id":"https:\/\/houle-ege.com\/en\/services\/#breadcrumb","itemListElement":[{"@type":"ListItem","position":1,"name":"Accueil","item":"https:\/\/houle-ege.com\/en\/"},{"@type":"ListItem","position":2,"name":"Services"}]},{"@type":"WebSite","@id":"https:\/\/houle-ege.com\/en\/#website","url":"https:\/\/houle-ege.com\/en\/","name":"Houle E.G.E. - General Contractor","description":"Expertise - Gestion - Ex\u00e9cution","publisher":{"@id":"https:\/\/houle-ege.com\/en\/#organization"},"potentialAction":[{"@type":"SearchAction","target":{"@type":"EntryPoint","urlTemplate":"https:\/\/houle-ege.com\/en\/?s={search_term_string}"},"query-input":{"@type":"PropertyValueSpecification","valueRequired":true,"valueName":"search_term_string"}}],"inLanguage":"en-US"},{"@type":"Organization","@id":"https:\/\/houle-ege.com\/en\/#organization","name":"Houle E.G.E. - General Contractor","url":"https:\/\/houle-ege.com\/en\/","logo":{"@type":"ImageObject","inLanguage":"en-US","@id":"https:\/\/houle-ege.com\/en\/#\/schema\/logo\/image\/","url":"https:\/\/houle-ege.com\/wp-content\/uploads\/2022\/11\/Cedric-Houle-entrepreneur-logo-v2-1.jpg","contentUrl":"https:\/\/houle-ege.com\/wp-content\/uploads\/2022\/11\/Cedric-Houle-entrepreneur-logo-v2-1.jpg","width":890,"height":300,"caption":"Houle E.G.E. - General Contractor"},"image":{"@id":"https:\/\/houle-ege.com\/en\/#\/schema\/logo\/image\/"}}]}},"_links":{"self":[{"href":"https:\/\/houle-ege.com\/en\/wp-json\/wp\/v2\/pages\/340","targetHints":{"allow":["GET"]}}],"collection":[{"href":"https:\/\/houle-ege.com\/en\/wp-json\/wp\/v2\/pages"}],"about":[{"href":"https:\/\/houle-ege.com\/en\/wp-json\/wp\/v2\/types\/page"}],"author":[{"embeddable":true,"href":"https:\/\/houle-ege.com\/en\/wp-json\/wp\/v2\/users\/1"}],"replies":[{"embeddable":true,"href":"https:\/\/houle-ege.com\/en\/wp-json\/wp\/v2\/comments?post=340"}],"version-history":[{"count":0,"href":"https:\/\/houle-ege.com\/en\/wp-json\/wp\/v2\/pages\/340\/revisions"}],"wp:attachment":[{"href":"https:\/\/houle-ege.com\/en\/wp-json\/wp\/v2\/media?parent=340"}],"curies":[{"name":"wp","href":"https:\/\/api.w.org\/{rel}","templated":true}]}}