{"id":337,"date":"2022-11-09T10:05:28","date_gmt":"2022-11-09T15:05:28","guid":{"rendered":"https:\/\/houle-ege.com\/about-us\/"},"modified":"2022-11-23T14:29:20","modified_gmt":"2022-11-23T19:29:20","slug":"about-us","status":"publish","type":"page","link":"https:\/\/houle-ege.com\/en\/about-us\/","title":{"rendered":"About us"},"content":{"rendered":"\n<h2>\n\t\tSERVICES\n\t<\/h2>\n\t<p>Founded in 2016 in Blainville, by <strong>C\u00e9dric Houle<\/strong>, <strong>Houle E.G.E<\/strong> is a company offering general contractor in construction and renovation in the greater Montreal area. Our company offers complete management of your commercial, institutional, industrial or municipal site.<\/p>\nLed by a team working in the sector for several years, we provide all stages of the work, from planning to finishing.<br \/>\nWhatever your project, our team of professionals puts its skills and know-how at your service.\n\t\t\t\t<img loading=\"lazy\" decoding=\"async\" src=\"https:\/\/houle-ege.com\/wp-content\/uploads\/2022\/11\/houle-ege-renovation-commercial.jpg\" alt=\"Houle-EGE-r\u00e9novation-commercial\" itemprop=\"image\" height=\"600\" width=\"600\" title=\"houle-ege-renovation-commercial\" onerror=\"this.style.display='none'\"  \/>\n\t<p><strong>Are you looking for a contractor for your project?<\/strong><\/p>\n\t\t\t<a href=\"https:\/\/houle-ege.com\/en\/contact\/\" target=\"_self\" role=\"button\" rel=\"noopener\">\n\t\t\t\t\t\t\tGet your quote\n\t\t\t<\/a>\n<h2>\n\t\tPersonal Memberships\n\t<\/h2>\n\t\t\t\t<img loading=\"lazy\" decoding=\"async\" src=\"https:\/\/houle-ege.com\/wp-content\/uploads\/2022\/11\/regie-batiment-quebec-logo.jpg\" alt=\"R\u00e9gie du b\u00e2timent du Qu\u00e9bec logo\" itemprop=\"image\" height=\"90\" width=\"300\" title=\"regie-batiment-quebec-logo\" onerror=\"this.style.display='none'\"  \/>\n\t\t\t\t<img loading=\"lazy\" decoding=\"async\" src=\"https:\/\/houle-ege.com\/wp-content\/uploads\/2022\/11\/autorite-marche-publics-logo.jpg\" alt=\"Autorit\u00e9 des march\u00e9s puiblics logo\" itemprop=\"image\" height=\"90\" width=\"123\" title=\"autorite-marche-publics-logo\" onerror=\"this.style.display='none'\"  \/>\n\t\t\t\t<img loading=\"lazy\" decoding=\"async\" src=\"https:\/\/houle-ege.com\/wp-content\/uploads\/2022\/11\/association-construction-quebec.jpg\" alt=\"Association de la construction du Qu\u00e9bec logo\" itemprop=\"image\" height=\"90\" width=\"169\" title=\"association-construction-quebec\" onerror=\"this.style.display='none'\"  \/>\n\n","protected":false},"excerpt":{"rendered":"<p>SERVICES Founded in 2016 in Blainville, by C\u00e9dric Houle, Houle E.G.E is a company offering general contractor in construction and renovation in the greater Montreal area. Our company offers complete management of your commercial, institutional, industrial or municipal site. Led by a team working in the sector for several years, we provide all stages of [&hellip;]<\/p>\n","protected":false},"author":1,"featured_media":0,"parent":0,"menu_order":0,"comment_status":"closed","ping_status":"closed","template":"template-page-builder.php","meta":{"_genesis_hide_title":false,"_genesis_hide_breadcrumbs":false,"_genesis_hide_singular_image":false,"_genesis_hide_footer_widgets":false,"_genesis_custom_body_class":"","_genesis_custom_post_class":"","_genesis_layout":"","ngg_post_thumbnail":0,"footnotes":""},"class_list":{"0":"post-337","1":"page","2":"type-page","3":"status-publish","5":"entry"},"yoast_head":"<!-- This site is optimized with the Yoast SEO plugin v27.6 - https:\/\/yoast.com\/product\/yoast-seo-wordpress\/ -->\n<title>About us - Houle E.G.E. - General Contractor<\/title>\n<meta name=\"description\" content=\"Houle E.G.E., a general contractor, was founded in Blainville by C\u00e9dric Houle. We work throughout the greater Montreal area.\" \/>\n<meta name=\"robots\" content=\"index, follow, max-snippet:-1, max-image-preview:large, max-video-preview:-1\" \/>\n<link rel=\"canonical\" href=\"https:\/\/houle-ege.com\/en\/about-us\/\" \/>\n<meta property=\"og:locale\" content=\"en_US\" \/>\n<meta property=\"og:type\" content=\"article\" \/>\n<meta property=\"og:title\" content=\"About us - Houle E.G.E. - General Contractor\" \/>\n<meta property=\"og:description\" content=\"Houle E.G.E., a general contractor, was founded in Blainville by C\u00e9dric Houle. We work throughout the greater Montreal area.\" \/>\n<meta property=\"og:url\" content=\"https:\/\/houle-ege.com\/en\/about-us\/\" \/>\n<meta property=\"og:site_name\" content=\"Houle E.G.E. - General Contractor\" \/>\n<meta property=\"article:modified_time\" content=\"2022-11-23T19:29:20+00:00\" \/>\n<meta property=\"og:image\" content=\"https:\/\/houle-ege.com\/wp-content\/uploads\/2022\/11\/houle-ege-renovation-commercial.jpg\" \/>\n<meta name=\"twitter:card\" content=\"summary_large_image\" \/>\n<script type=\"application\/ld+json\" class=\"yoast-schema-graph\">{\"@context\":\"https:\\\/\\\/schema.org\",\"@graph\":[{\"@type\":\"WebPage\",\"@id\":\"https:\\\/\\\/houle-ege.com\\\/en\\\/about-us\\\/\",\"url\":\"https:\\\/\\\/houle-ege.com\\\/en\\\/about-us\\\/\",\"name\":\"About us - Houle E.G.E. - General Contractor\",\"isPartOf\":{\"@id\":\"https:\\\/\\\/houle-ege.com\\\/en\\\/#website\"},\"primaryImageOfPage\":{\"@id\":\"https:\\\/\\\/houle-ege.com\\\/en\\\/about-us\\\/#primaryimage\"},\"image\":{\"@id\":\"https:\\\/\\\/houle-ege.com\\\/en\\\/about-us\\\/#primaryimage\"},\"thumbnailUrl\":\"https:\\\/\\\/houle-ege.com\\\/wp-content\\\/uploads\\\/2022\\\/11\\\/houle-ege-renovation-commercial.jpg\",\"datePublished\":\"2022-11-09T15:05:28+00:00\",\"dateModified\":\"2022-11-23T19:29:20+00:00\",\"description\":\"Houle E.G.E., a general contractor, was founded in Blainville by C\u00e9dric Houle. We work throughout the greater Montreal area.\",\"breadcrumb\":{\"@id\":\"https:\\\/\\\/houle-ege.com\\\/en\\\/about-us\\\/#breadcrumb\"},\"inLanguage\":\"en-US\",\"potentialAction\":[{\"@type\":\"ReadAction\",\"target\":[\"https:\\\/\\\/houle-ege.com\\\/en\\\/about-us\\\/\"]}]},{\"@type\":\"ImageObject\",\"inLanguage\":\"en-US\",\"@id\":\"https:\\\/\\\/houle-ege.com\\\/en\\\/about-us\\\/#primaryimage\",\"url\":\"https:\\\/\\\/houle-ege.com\\\/wp-content\\\/uploads\\\/2022\\\/11\\\/houle-ege-renovation-commercial.jpg\",\"contentUrl\":\"https:\\\/\\\/houle-ege.com\\\/wp-content\\\/uploads\\\/2022\\\/11\\\/houle-ege-renovation-commercial.jpg\"},{\"@type\":\"BreadcrumbList\",\"@id\":\"https:\\\/\\\/houle-ege.com\\\/en\\\/about-us\\\/#breadcrumb\",\"itemListElement\":[{\"@type\":\"ListItem\",\"position\":1,\"name\":\"Accueil\",\"item\":\"https:\\\/\\\/houle-ege.com\\\/en\\\/\"},{\"@type\":\"ListItem\",\"position\":2,\"name\":\"About us\"}]},{\"@type\":\"WebSite\",\"@id\":\"https:\\\/\\\/houle-ege.com\\\/en\\\/#website\",\"url\":\"https:\\\/\\\/houle-ege.com\\\/en\\\/\",\"name\":\"Houle E.G.E. - General Contractor\",\"description\":\"Expertise - Gestion - Ex\u00e9cution\",\"publisher\":{\"@id\":\"https:\\\/\\\/houle-ege.com\\\/en\\\/#organization\"},\"potentialAction\":[{\"@type\":\"SearchAction\",\"target\":{\"@type\":\"EntryPoint\",\"urlTemplate\":\"https:\\\/\\\/houle-ege.com\\\/en\\\/?s={search_term_string}\"},\"query-input\":{\"@type\":\"PropertyValueSpecification\",\"valueRequired\":true,\"valueName\":\"search_term_string\"}}],\"inLanguage\":\"en-US\"},{\"@type\":\"Organization\",\"@id\":\"https:\\\/\\\/houle-ege.com\\\/en\\\/#organization\",\"name\":\"Houle E.G.E. - General Contractor\",\"url\":\"https:\\\/\\\/houle-ege.com\\\/en\\\/\",\"logo\":{\"@type\":\"ImageObject\",\"inLanguage\":\"en-US\",\"@id\":\"https:\\\/\\\/houle-ege.com\\\/en\\\/#\\\/schema\\\/logo\\\/image\\\/\",\"url\":\"https:\\\/\\\/houle-ege.com\\\/wp-content\\\/uploads\\\/2022\\\/11\\\/Cedric-Houle-entrepreneur-logo-v2-1.jpg\",\"contentUrl\":\"https:\\\/\\\/houle-ege.com\\\/wp-content\\\/uploads\\\/2022\\\/11\\\/Cedric-Houle-entrepreneur-logo-v2-1.jpg\",\"width\":890,\"height\":300,\"caption\":\"Houle E.G.E. - General Contractor\"},\"image\":{\"@id\":\"https:\\\/\\\/houle-ege.com\\\/en\\\/#\\\/schema\\\/logo\\\/image\\\/\"}}]}<\/script>\n<!-- \/ Yoast SEO plugin. -->","yoast_head_json":{"title":"About us - Houle E.G.E. - General Contractor","description":"Houle E.G.E., a general contractor, was founded in Blainville by C\u00e9dric Houle. We work throughout the greater Montreal area.","robots":{"index":"index","follow":"follow","max-snippet":"max-snippet:-1","max-image-preview":"max-image-preview:large","max-video-preview":"max-video-preview:-1"},"canonical":"https:\/\/houle-ege.com\/en\/about-us\/","og_locale":"en_US","og_type":"article","og_title":"About us - Houle E.G.E. - General Contractor","og_description":"Houle E.G.E., a general contractor, was founded in Blainville by C\u00e9dric Houle. We work throughout the greater Montreal area.","og_url":"https:\/\/houle-ege.com\/en\/about-us\/","og_site_name":"Houle E.G.E. - General Contractor","article_modified_time":"2022-11-23T19:29:20+00:00","og_image":[{"url":"https:\/\/houle-ege.com\/wp-content\/uploads\/2022\/11\/houle-ege-renovation-commercial.jpg","type":"","width":"","height":""}],"twitter_card":"summary_large_image","schema":{"@context":"https:\/\/schema.org","@graph":[{"@type":"WebPage","@id":"https:\/\/houle-ege.com\/en\/about-us\/","url":"https:\/\/houle-ege.com\/en\/about-us\/","name":"About us - Houle E.G.E. - General Contractor","isPartOf":{"@id":"https:\/\/houle-ege.com\/en\/#website"},"primaryImageOfPage":{"@id":"https:\/\/houle-ege.com\/en\/about-us\/#primaryimage"},"image":{"@id":"https:\/\/houle-ege.com\/en\/about-us\/#primaryimage"},"thumbnailUrl":"https:\/\/houle-ege.com\/wp-content\/uploads\/2022\/11\/houle-ege-renovation-commercial.jpg","datePublished":"2022-11-09T15:05:28+00:00","dateModified":"2022-11-23T19:29:20+00:00","description":"Houle E.G.E., a general contractor, was founded in Blainville by C\u00e9dric Houle. We work throughout the greater Montreal area.","breadcrumb":{"@id":"https:\/\/houle-ege.com\/en\/about-us\/#breadcrumb"},"inLanguage":"en-US","potentialAction":[{"@type":"ReadAction","target":["https:\/\/houle-ege.com\/en\/about-us\/"]}]},{"@type":"ImageObject","inLanguage":"en-US","@id":"https:\/\/houle-ege.com\/en\/about-us\/#primaryimage","url":"https:\/\/houle-ege.com\/wp-content\/uploads\/2022\/11\/houle-ege-renovation-commercial.jpg","contentUrl":"https:\/\/houle-ege.com\/wp-content\/uploads\/2022\/11\/houle-ege-renovation-commercial.jpg"},{"@type":"BreadcrumbList","@id":"https:\/\/houle-ege.com\/en\/about-us\/#breadcrumb","itemListElement":[{"@type":"ListItem","position":1,"name":"Accueil","item":"https:\/\/houle-ege.com\/en\/"},{"@type":"ListItem","position":2,"name":"About us"}]},{"@type":"WebSite","@id":"https:\/\/houle-ege.com\/en\/#website","url":"https:\/\/houle-ege.com\/en\/","name":"Houle E.G.E. - General Contractor","description":"Expertise - Gestion - Ex\u00e9cution","publisher":{"@id":"https:\/\/houle-ege.com\/en\/#organization"},"potentialAction":[{"@type":"SearchAction","target":{"@type":"EntryPoint","urlTemplate":"https:\/\/houle-ege.com\/en\/?s={search_term_string}"},"query-input":{"@type":"PropertyValueSpecification","valueRequired":true,"valueName":"search_term_string"}}],"inLanguage":"en-US"},{"@type":"Organization","@id":"https:\/\/houle-ege.com\/en\/#organization","name":"Houle E.G.E. - General Contractor","url":"https:\/\/houle-ege.com\/en\/","logo":{"@type":"ImageObject","inLanguage":"en-US","@id":"https:\/\/houle-ege.com\/en\/#\/schema\/logo\/image\/","url":"https:\/\/houle-ege.com\/wp-content\/uploads\/2022\/11\/Cedric-Houle-entrepreneur-logo-v2-1.jpg","contentUrl":"https:\/\/houle-ege.com\/wp-content\/uploads\/2022\/11\/Cedric-Houle-entrepreneur-logo-v2-1.jpg","width":890,"height":300,"caption":"Houle E.G.E. - General Contractor"},"image":{"@id":"https:\/\/houle-ege.com\/en\/#\/schema\/logo\/image\/"}}]}},"_links":{"self":[{"href":"https:\/\/houle-ege.com\/en\/wp-json\/wp\/v2\/pages\/337","targetHints":{"allow":["GET"]}}],"collection":[{"href":"https:\/\/houle-ege.com\/en\/wp-json\/wp\/v2\/pages"}],"about":[{"href":"https:\/\/houle-ege.com\/en\/wp-json\/wp\/v2\/types\/page"}],"author":[{"embeddable":true,"href":"https:\/\/houle-ege.com\/en\/wp-json\/wp\/v2\/users\/1"}],"replies":[{"embeddable":true,"href":"https:\/\/houle-ege.com\/en\/wp-json\/wp\/v2\/comments?post=337"}],"version-history":[{"count":0,"href":"https:\/\/houle-ege.com\/en\/wp-json\/wp\/v2\/pages\/337\/revisions"}],"wp:attachment":[{"href":"https:\/\/houle-ege.com\/en\/wp-json\/wp\/v2\/media?parent=337"}],"curies":[{"name":"wp","href":"https:\/\/api.w.org\/{rel}","templated":true}]}}